{"id":2606,"date":"2021-07-30T05:38:09","date_gmt":"2021-07-30T05:38:09","guid":{"rendered":"https:\/\/helpsv.org\/?page_id=2606"},"modified":"2021-08-08T02:51:04","modified_gmt":"2021-08-08T02:51:04","slug":"impressum","status":"publish","type":"page","link":"https:\/\/helpsv.org\/es\/impressum\/","title":{"rendered":"Impressum"},"content":{"rendered":"\t\t<div data-elementor-type=\"wp-page\" data-elementor-id=\"2606\" class=\"elementor elementor-2606\" data-elementor-settings=\"[]\">\n\t\t\t\t\t\t<div class=\"elementor-inner\">\n\t\t\t\t\t\t\t<div class=\"elementor-section-wrap\">\n\t\t\t\t\t\t\t<section data-particle_enable=\"false\" data-particle-mobile-disabled=\"false\" class=\"elementor-section elementor-top-section elementor-element elementor-element-2ff9ce13 elementor-section-height-min-height elementor-section-content-middle elementor-section-boxed elementor-section-height-default elementor-section-items-middle\" data-id=\"2ff9ce13\" data-element_type=\"section\" data-settings=\"{&quot;background_background&quot;:&quot;classic&quot;}\">\n\t\t\t\t\t\t\t<div class=\"elementor-background-overlay\"><\/div>\n\t\t\t\t\t\t\t<div class=\"elementor-container elementor-column-gap-default\">\n\t\t\t\t\t\t\t<div class=\"elementor-row\">\n\t\t\t\t\t<div class=\"elementor-column elementor-col-100 elementor-top-column elementor-element elementor-element-7f0f90f8\" data-id=\"7f0f90f8\" data-element_type=\"column\">\n\t\t\t<div class=\"elementor-column-wrap elementor-element-populated\">\n\t\t\t\t\t\t\t<div class=\"elementor-widget-wrap\">\n\t\t\t\t\t\t<div class=\"elementor-element elementor-element-2538c2fd elementor-widget elementor-widget-heading\" data-id=\"2538c2fd\" data-element_type=\"widget\" data-widget_type=\"heading.default\">\n\t\t\t\t<div class=\"elementor-widget-container\">\n\t\t\t<h1 class=\"elementor-heading-title elementor-size-large\"><p><b><span lang=\"DE\">Impressum<\/span><\/b><span style=\"font-size: 29px; font-weight: 600;\"><\/span><\/p><\/h1>\t\t<\/div>\n\t\t\t\t<\/div>\n\t\t\t\t\t\t<\/div>\n\t\t\t\t\t<\/div>\n\t\t<\/div>\n\t\t\t\t\t\t\t\t<\/div>\n\t\t\t\t\t<\/div>\n\t\t<\/section>\n\t\t\t\t<section data-particle_enable=\"false\" data-particle-mobile-disabled=\"false\" class=\"elementor-section elementor-top-section elementor-element elementor-element-e71ec0 elementor-section-height-min-height elementor-section-content-middle elementor-section-boxed elementor-section-height-default elementor-section-items-middle\" data-id=\"e71ec0\" data-element_type=\"section\">\n\t\t\t\t\t\t<div class=\"elementor-container elementor-column-gap-no\">\n\t\t\t\t\t\t\t<div class=\"elementor-row\">\n\t\t\t\t\t<div class=\"elementor-column elementor-col-100 elementor-top-column elementor-element elementor-element-415160d7\" data-id=\"415160d7\" data-element_type=\"column\">\n\t\t\t<div class=\"elementor-column-wrap elementor-element-populated\">\n\t\t\t\t\t\t\t<div class=\"elementor-widget-wrap\">\n\t\t\t\t\t\t<div class=\"elementor-element elementor-element-5fb46ece elementor-widget elementor-widget-text-editor\" data-id=\"5fb46ece\" data-element_type=\"widget\" data-widget_type=\"text-editor.default\">\n\t\t\t\t<div class=\"elementor-widget-container\">\n\t\t\t\t\t<div class=\"elementor-text-editor elementor-clearfix\"><p>HelpSV e.V. <br \/>St.-Paul-Str., 9<br \/>80336 Munich<br \/>Germany<\/p><p>Registered with the local court of Munich under VR 208901<br \/>Legal representative: Francisco E. Beneke Avila<br \/>Tax ID: 143\/216\/60763<\/p><p><a href=\"https:\/\/ec.europa.eu\/consumers\/odr\/main\/index.cfm?event=main.home2.show&amp;lng=EN\">EU Online Dispute Resolution<\/a><\/p><p>Fundaci\u00f3n Soluciones Digitales para el Desarrollo Sostenible<br \/>Registrada en el Ministerio de Gobernaci\u00f3n y Desarrollo Territorial<br \/>Estatutos Publicados en el D.O. 199 Tomo No. 249 del 5 de Octubre de 2020<br \/>Representante legal: Francisco E. Beneke \u00c1vila<br \/>NIT: 0614-100120-108-0<\/p><\/div>\n\t\t\t\t<\/div>\n\t\t\t\t<\/div>\n\t\t\t\t\t\t<\/div>\n\t\t\t\t\t<\/div>\n\t\t<\/div>\n\t\t\t\t\t\t\t\t<\/div>\n\t\t\t\t\t<\/div>\n\t\t<\/section>\n\t\t\t\t\t\t<\/div>\n\t\t\t\t\t\t<\/div>\n\t\t\t\t\t<\/div>\n\t\t","protected":false},"excerpt":{"rendered":"<p>Impressum HelpSV e.V. St.-Paul-Str., 980336 MunichGermany Registered with the local court of Munich under VR 208901Legal representative: Francisco E. Beneke AvilaTax ID: 143\/216\/60763 EU Online Dispute Resolution Fundaci\u00f3n Soluciones Digitales para el Desarrollo SostenibleRegistrada en el Ministerio de Gobernaci\u00f3n y Desarrollo TerritorialEstatutos Publicados en el D.O. 199 Tomo No. 249 del 5 de Octubre de &hellip;<\/p>\n<p class=\"read-more\"> <a class=\"\" href=\"https:\/\/helpsv.org\/es\/impressum\/\"> <span class=\"screen-reader-text\">Impressum<\/span> Leer m\u00e1s &raquo;<\/a><\/p>\n","protected":false},"author":1,"featured_media":0,"parent":0,"menu_order":0,"comment_status":"closed","ping_status":"closed","template":"","meta":{"give_campaign_id":0,"om_disable_all_campaigns":false,"footnotes":""},"class_list":["post-2606","page","type-page","status-publish","hentry"],"campaignId":"","yoast_head":"<!-- This site is optimized with the Yoast SEO Premium plugin v15.6.2 - https:\/\/yoast.com\/wordpress\/plugins\/seo\/ -->\n<title>Impressum - HelpSV<\/title>\n<meta name=\"robots\" content=\"index, follow, max-snippet:-1, max-image-preview:large, max-video-preview:-1\" \/>\n<link rel=\"canonical\" href=\"https:\/\/helpsv.org\/es\/impressum\/\" \/>\n<meta property=\"og:locale\" content=\"es_ES\" \/>\n<meta property=\"og:type\" content=\"article\" \/>\n<meta property=\"og:title\" content=\"Impressum - HelpSV\" \/>\n<meta property=\"og:description\" content=\"Impressum HelpSV e.V. St.-Paul-Str., 980336 MunichGermany Registered with the local court of Munich under VR 208901Legal representative: Francisco E. Beneke AvilaTax ID: 143\/216\/60763 EU Online Dispute Resolution Fundaci\u00f3n Soluciones Digitales para el Desarrollo SostenibleRegistrada en el Ministerio de Gobernaci\u00f3n y Desarrollo TerritorialEstatutos Publicados en el D.O. 199 Tomo No. 249 del 5 de Octubre de &hellip; Impressum Leer m\u00e1s &raquo;\" \/>\n<meta property=\"og:url\" content=\"https:\/\/helpsv.org\/es\/impressum\/\" \/>\n<meta property=\"og:site_name\" content=\"HelpSV\" \/>\n<meta property=\"article:modified_time\" content=\"2021-08-08T02:51:04+00:00\" \/>\n<meta name=\"twitter:card\" content=\"summary_large_image\" \/>\n<meta name=\"twitter:label1\" content=\"Tiempo de lectura\">\n\t<meta name=\"twitter:data1\" content=\"1 minuto\">\n<script type=\"application\/ld+json\" class=\"yoast-schema-graph\">{\"@context\":\"https:\/\/schema.org\",\"@graph\":[{\"@type\":\"WebSite\",\"@id\":\"https:\/\/helpsv.org\/es\/#website\",\"url\":\"https:\/\/helpsv.org\/es\/\",\"name\":\"HelpSV\",\"description\":\"Improve access to medicines in El Salvador\",\"potentialAction\":[{\"@type\":\"SearchAction\",\"target\":\"https:\/\/helpsv.org\/es\/?s={search_term_string}\",\"query-input\":\"required name=search_term_string\"}],\"inLanguage\":\"es\"},{\"@type\":\"WebPage\",\"@id\":\"https:\/\/helpsv.org\/es\/impressum\/#webpage\",\"url\":\"https:\/\/helpsv.org\/es\/impressum\/\",\"name\":\"Impressum - HelpSV\",\"isPartOf\":{\"@id\":\"https:\/\/helpsv.org\/es\/#website\"},\"datePublished\":\"2021-07-30T05:38:09+00:00\",\"dateModified\":\"2021-08-08T02:51:04+00:00\",\"inLanguage\":\"es\",\"potentialAction\":[{\"@type\":\"ReadAction\",\"target\":[\"https:\/\/helpsv.org\/es\/impressum\/\"]}]}]}<\/script>\n<!-- \/ Yoast SEO Premium plugin. -->","_links":{"self":[{"href":"https:\/\/helpsv.org\/es\/wp-json\/wp\/v2\/pages\/2606","targetHints":{"allow":["GET"]}}],"collection":[{"href":"https:\/\/helpsv.org\/es\/wp-json\/wp\/v2\/pages"}],"about":[{"href":"https:\/\/helpsv.org\/es\/wp-json\/wp\/v2\/types\/page"}],"author":[{"embeddable":true,"href":"https:\/\/helpsv.org\/es\/wp-json\/wp\/v2\/users\/1"}],"replies":[{"embeddable":true,"href":"https:\/\/helpsv.org\/es\/wp-json\/wp\/v2\/comments?post=2606"}],"version-history":[{"count":16,"href":"https:\/\/helpsv.org\/es\/wp-json\/wp\/v2\/pages\/2606\/revisions"}],"predecessor-version":[{"id":2674,"href":"https:\/\/helpsv.org\/es\/wp-json\/wp\/v2\/pages\/2606\/revisions\/2674"}],"wp:attachment":[{"href":"https:\/\/helpsv.org\/es\/wp-json\/wp\/v2\/media?parent=2606"}],"curies":[{"name":"wp","href":"https:\/\/api.w.org\/{rel}","templated":true}]}}