{"id":1534,"date":"2021-05-05T02:26:29","date_gmt":"2021-05-05T02:26:29","guid":{"rendered":"https:\/\/helpsv.org\/?page_id=1534"},"modified":"2023-12-12T07:03:52","modified_gmt":"2023-12-12T07:03:52","slug":"contacto","status":"publish","type":"page","link":"https:\/\/helpsv.org\/es\/contacto\/","title":{"rendered":"Contacto"},"content":{"rendered":"\t\t<div data-elementor-type=\"wp-page\" data-elementor-id=\"1534\" class=\"elementor elementor-1534\" data-elementor-settings=\"[]\">\n\t\t\t\t\t\t<div class=\"elementor-inner\">\n\t\t\t\t\t\t\t<div class=\"elementor-section-wrap\">\n\t\t\t\t\t\t\t<section data-particle_enable=\"false\" data-particle-mobile-disabled=\"false\" class=\"elementor-section elementor-top-section elementor-element elementor-element-f17b9d9 elementor-section-height-min-height elementor-section-content-middle elementor-section-boxed elementor-section-height-default elementor-section-items-middle\" data-id=\"f17b9d9\" data-element_type=\"section\" data-settings=\"{&quot;background_background&quot;:&quot;classic&quot;}\">\n\t\t\t\t\t\t\t<div class=\"elementor-background-overlay\"><\/div>\n\t\t\t\t\t\t\t<div class=\"elementor-container elementor-column-gap-default\">\n\t\t\t\t\t\t\t<div class=\"elementor-row\">\n\t\t\t\t\t<div class=\"elementor-column elementor-col-100 elementor-top-column elementor-element elementor-element-07829c4\" data-id=\"07829c4\" data-element_type=\"column\">\n\t\t\t<div class=\"elementor-column-wrap elementor-element-populated\">\n\t\t\t\t\t\t\t<div class=\"elementor-widget-wrap\">\n\t\t\t\t\t\t<div class=\"elementor-element elementor-element-dcb9e9a elementor-widget elementor-widget-heading\" data-id=\"dcb9e9a\" data-element_type=\"widget\" data-widget_type=\"heading.default\">\n\t\t\t\t<div class=\"elementor-widget-container\">\n\t\t\t<h1 class=\"elementor-heading-title elementor-size-large\">Ayudemos juntos<br>\nCont\u00e1ctanos<\/h1>\t\t<\/div>\n\t\t\t\t<\/div>\n\t\t\t\t\t\t<\/div>\n\t\t\t\t\t<\/div>\n\t\t<\/div>\n\t\t\t\t\t\t\t\t<\/div>\n\t\t\t\t\t<\/div>\n\t\t<\/section>\n\t\t\t\t<section data-particle_enable=\"false\" data-particle-mobile-disabled=\"false\" class=\"elementor-section elementor-top-section elementor-element elementor-element-b9adf0d elementor-section-height-min-height elementor-section-content-middle elementor-section-boxed elementor-section-height-default elementor-section-items-middle\" data-id=\"b9adf0d\" data-element_type=\"section\">\n\t\t\t\t\t\t<div class=\"elementor-container elementor-column-gap-no\">\n\t\t\t\t\t\t\t<div class=\"elementor-row\">\n\t\t\t\t\t<div class=\"elementor-column elementor-col-100 elementor-top-column elementor-element elementor-element-25cbdb7\" data-id=\"25cbdb7\" data-element_type=\"column\">\n\t\t\t<div class=\"elementor-column-wrap elementor-element-populated\">\n\t\t\t\t\t\t\t<div class=\"elementor-widget-wrap\">\n\t\t\t\t\t\t<div class=\"elementor-element elementor-element-536d2de elementor-widget elementor-widget-text-editor\" data-id=\"536d2de\" data-element_type=\"widget\" data-widget_type=\"text-editor.default\">\n\t\t\t\t<div class=\"elementor-widget-container\">\n\t\t\t\t\t<div class=\"elementor-text-editor elementor-clearfix\"><p><strong>Direcci\u00f3n (Alemania)<\/strong>: St.-Paul-Str. 9, 80336 Munich, Alemania.<\/p><p><strong>Direcci\u00f3n (El Salvador)<\/strong>: Edificio Insigne, Avenida Las Magnolias, Nivel 14, oficina 14-06, Zona Rosa, Colonia San Benito, San Salvador El Salvador<\/p><p><strong>Correo Electr\u00f3nico<\/strong>: <a href=\"mailto:contacto@helpsv.org\">contacto@helpsv.org<\/a><\/p><\/div>\n\t\t\t\t<\/div>\n\t\t\t\t<\/div>\n\t\t\t\t\t\t<\/div>\n\t\t\t\t\t<\/div>\n\t\t<\/div>\n\t\t\t\t\t\t\t\t<\/div>\n\t\t\t\t\t<\/div>\n\t\t<\/section>\n\t\t\t\t\t\t<\/div>\n\t\t\t\t\t\t<\/div>\n\t\t\t\t\t<\/div>\n\t\t","protected":false},"excerpt":{"rendered":"<p>Ayudemos juntos Cont\u00e1ctanos Direcci\u00f3n (Alemania): St.-Paul-Str. 9, 80336 Munich, Alemania. Direcci\u00f3n (El Salvador): Edificio Insigne, Avenida Las Magnolias, Nivel 14, oficina 14-06, Zona Rosa, Colonia San Benito, San Salvador El Salvador Correo Electr\u00f3nico: contacto@helpsv.org<\/p>\n","protected":false},"author":1,"featured_media":0,"parent":0,"menu_order":0,"comment_status":"closed","ping_status":"closed","template":"","meta":{"give_campaign_id":0,"om_disable_all_campaigns":false,"footnotes":""},"class_list":["post-1534","page","type-page","status-publish","hentry"],"campaignId":"","yoast_head":"<!-- This site is optimized with the Yoast SEO Premium plugin v15.6.2 - https:\/\/yoast.com\/wordpress\/plugins\/seo\/ -->\n<title>Contacto - HelpSV<\/title>\n<meta name=\"robots\" content=\"index, follow, max-snippet:-1, max-image-preview:large, max-video-preview:-1\" \/>\n<link rel=\"canonical\" href=\"https:\/\/helpsv.org\/es\/contacto\/\" \/>\n<meta property=\"og:locale\" content=\"es_ES\" \/>\n<meta property=\"og:type\" content=\"article\" \/>\n<meta property=\"og:title\" content=\"Contacto - HelpSV\" \/>\n<meta property=\"og:description\" content=\"Ayudemos juntos Cont\u00e1ctanos Direcci\u00f3n (Alemania): St.-Paul-Str. 9, 80336 Munich, Alemania. Direcci\u00f3n (El Salvador): Edificio Insigne, Avenida Las Magnolias, Nivel 14, oficina 14-06, Zona Rosa, Colonia San Benito, San Salvador El Salvador Correo Electr\u00f3nico: contacto@helpsv.org\" \/>\n<meta property=\"og:url\" content=\"https:\/\/helpsv.org\/es\/contacto\/\" \/>\n<meta property=\"og:site_name\" content=\"HelpSV\" \/>\n<meta property=\"article:modified_time\" content=\"2023-12-12T07:03:52+00:00\" \/>\n<meta name=\"twitter:card\" content=\"summary_large_image\" \/>\n<meta name=\"twitter:label1\" content=\"Tiempo de lectura\">\n\t<meta name=\"twitter:data1\" content=\"1 minuto\">\n<script type=\"application\/ld+json\" class=\"yoast-schema-graph\">{\"@context\":\"https:\/\/schema.org\",\"@graph\":[{\"@type\":\"WebSite\",\"@id\":\"https:\/\/helpsv.org\/es\/#website\",\"url\":\"https:\/\/helpsv.org\/es\/\",\"name\":\"HelpSV\",\"description\":\"Improve access to medicines in El Salvador\",\"potentialAction\":[{\"@type\":\"SearchAction\",\"target\":\"https:\/\/helpsv.org\/es\/?s={search_term_string}\",\"query-input\":\"required name=search_term_string\"}],\"inLanguage\":\"es\"},{\"@type\":\"WebPage\",\"@id\":\"https:\/\/helpsv.org\/es\/contacto\/#webpage\",\"url\":\"https:\/\/helpsv.org\/es\/contacto\/\",\"name\":\"Contacto - HelpSV\",\"isPartOf\":{\"@id\":\"https:\/\/helpsv.org\/es\/#website\"},\"datePublished\":\"2021-05-05T02:26:29+00:00\",\"dateModified\":\"2023-12-12T07:03:52+00:00\",\"inLanguage\":\"es\",\"potentialAction\":[{\"@type\":\"ReadAction\",\"target\":[\"https:\/\/helpsv.org\/es\/contacto\/\"]}]}]}<\/script>\n<!-- \/ Yoast SEO Premium plugin. -->","_links":{"self":[{"href":"https:\/\/helpsv.org\/es\/wp-json\/wp\/v2\/pages\/1534","targetHints":{"allow":["GET"]}}],"collection":[{"href":"https:\/\/helpsv.org\/es\/wp-json\/wp\/v2\/pages"}],"about":[{"href":"https:\/\/helpsv.org\/es\/wp-json\/wp\/v2\/types\/page"}],"author":[{"embeddable":true,"href":"https:\/\/helpsv.org\/es\/wp-json\/wp\/v2\/users\/1"}],"replies":[{"embeddable":true,"href":"https:\/\/helpsv.org\/es\/wp-json\/wp\/v2\/comments?post=1534"}],"version-history":[{"count":27,"href":"https:\/\/helpsv.org\/es\/wp-json\/wp\/v2\/pages\/1534\/revisions"}],"predecessor-version":[{"id":4008,"href":"https:\/\/helpsv.org\/es\/wp-json\/wp\/v2\/pages\/1534\/revisions\/4008"}],"wp:attachment":[{"href":"https:\/\/helpsv.org\/es\/wp-json\/wp\/v2\/media?parent=1534"}],"curies":[{"name":"wp","href":"https:\/\/api.w.org\/{rel}","templated":true}]}}